{"id":80,"date":"2022-10-29T07:48:07","date_gmt":"2022-10-29T07:48:07","guid":{"rendered":"https:\/\/www.pr1mula.nl\/trimsalon\/?page_id=80"},"modified":"2022-11-09T14:05:24","modified_gmt":"2022-11-09T14:05:24","slug":"behandelingen","status":"publish","type":"page","link":"https:\/\/www.trimsalonramona.nl\/?page_id=80","title":{"rendered":"Behandelingen"},"content":{"rendered":"\t\t<div data-elementor-type=\"wp-page\" data-elementor-id=\"80\" class=\"elementor elementor-80\">\n\t\t\t\t\t\t\t\t\t<section class=\"elementor-section elementor-top-section elementor-element elementor-element-20aabed elementor-section-boxed elementor-section-height-default elementor-section-height-default\" data-id=\"20aabed\" data-element_type=\"section\">\n\t\t\t\t\t\t<div class=\"elementor-container elementor-column-gap-default\">\n\t\t\t\t\t<div class=\"elementor-column elementor-col-100 elementor-top-column elementor-element elementor-element-b85beb5\" data-id=\"b85beb5\" data-element_type=\"column\">\n\t\t\t<div class=\"elementor-widget-wrap elementor-element-populated\">\n\t\t\t\t\t\t\t\t<div class=\"elementor-element elementor-element-95277a2 elementor-widget elementor-widget-spacer\" data-id=\"95277a2\" data-element_type=\"widget\" data-widget_type=\"spacer.default\">\n\t\t\t\t<div class=\"elementor-widget-container\">\n\t\t\t<style>\/*! elementor - v3.18.0 - 20-12-2023 *\/\n.elementor-column .elementor-spacer-inner{height:var(--spacer-size)}.e-con{--container-widget-width:100%}.e-con-inner>.elementor-widget-spacer,.e-con>.elementor-widget-spacer{width:var(--container-widget-width,var(--spacer-size));--align-self:var(--container-widget-align-self,initial);--flex-shrink:0}.e-con-inner>.elementor-widget-spacer>.elementor-widget-container,.e-con>.elementor-widget-spacer>.elementor-widget-container{height:100%;width:100%}.e-con-inner>.elementor-widget-spacer>.elementor-widget-container>.elementor-spacer,.e-con>.elementor-widget-spacer>.elementor-widget-container>.elementor-spacer{height:100%}.e-con-inner>.elementor-widget-spacer>.elementor-widget-container>.elementor-spacer>.elementor-spacer-inner,.e-con>.elementor-widget-spacer>.elementor-widget-container>.elementor-spacer>.elementor-spacer-inner{height:var(--container-widget-height,var(--spacer-size))}.e-con-inner>.elementor-widget-spacer.elementor-widget-empty,.e-con>.elementor-widget-spacer.elementor-widget-empty{position:relative;min-height:22px;min-width:22px}.e-con-inner>.elementor-widget-spacer.elementor-widget-empty .elementor-widget-empty-icon,.e-con>.elementor-widget-spacer.elementor-widget-empty .elementor-widget-empty-icon{position:absolute;top:0;bottom:0;left:0;right:0;margin:auto;padding:0;width:22px;height:22px}<\/style>\t\t<div class=\"elementor-spacer\">\n\t\t\t<div class=\"elementor-spacer-inner\"><\/div>\n\t\t<\/div>\n\t\t\t\t<\/div>\n\t\t\t\t<\/div>\n\t\t\t\t\t<\/div>\n\t\t<\/div>\n\t\t\t\t\t\t\t<\/div>\n\t\t<\/section>\n\t\t\t\t<section class=\"elementor-section elementor-top-section elementor-element elementor-element-aa81f2b elementor-section-boxed elementor-section-height-default elementor-section-height-default\" data-id=\"aa81f2b\" data-element_type=\"section\">\n\t\t\t\t\t\t<div class=\"elementor-container elementor-column-gap-default\">\n\t\t\t\t\t<div class=\"elementor-column elementor-col-100 elementor-top-column elementor-element elementor-element-33a34be\" data-id=\"33a34be\" data-element_type=\"column\">\n\t\t\t<div class=\"elementor-widget-wrap elementor-element-populated\">\n\t\t\t\t\t\t\t\t<div class=\"elementor-element elementor-element-ae93655 elementor-widget elementor-widget-heading\" data-id=\"ae93655\" data-element_type=\"widget\" data-widget_type=\"heading.default\">\n\t\t\t\t<div class=\"elementor-widget-container\">\n\t\t\t<style>\/*! elementor - v3.18.0 - 20-12-2023 *\/\n.elementor-heading-title{padding:0;margin:0;line-height:1}.elementor-widget-heading .elementor-heading-title[class*=elementor-size-]>a{color:inherit;font-size:inherit;line-height:inherit}.elementor-widget-heading .elementor-heading-title.elementor-size-small{font-size:15px}.elementor-widget-heading .elementor-heading-title.elementor-size-medium{font-size:19px}.elementor-widget-heading .elementor-heading-title.elementor-size-large{font-size:29px}.elementor-widget-heading .elementor-heading-title.elementor-size-xl{font-size:39px}.elementor-widget-heading .elementor-heading-title.elementor-size-xxl{font-size:59px}<\/style><h2 class=\"elementor-heading-title elementor-size-default\">Behandelingen<\/h2>\t\t<\/div>\n\t\t\t\t<\/div>\n\t\t\t\t\t<\/div>\n\t\t<\/div>\n\t\t\t\t\t\t\t<\/div>\n\t\t<\/section>\n\t\t\t\t<section class=\"elementor-section elementor-top-section elementor-element elementor-element-728d30c elementor-section-boxed elementor-section-height-default elementor-section-height-default\" data-id=\"728d30c\" data-element_type=\"section\">\n\t\t\t\t\t\t<div class=\"elementor-container elementor-column-gap-default\">\n\t\t\t\t\t<div class=\"elementor-column elementor-col-66 elementor-top-column elementor-element elementor-element-bddc616\" data-id=\"bddc616\" data-element_type=\"column\">\n\t\t\t<div class=\"elementor-widget-wrap elementor-element-populated\">\n\t\t\t\t\t\t\t\t<div class=\"elementor-element elementor-element-69b60bc elementor-widget elementor-widget-text-editor\" data-id=\"69b60bc\" data-element_type=\"widget\" data-widget_type=\"text-editor.default\">\n\t\t\t\t<div class=\"elementor-widget-container\">\n\t\t\t<style>\/*! elementor - v3.18.0 - 20-12-2023 *\/\n.elementor-widget-text-editor.elementor-drop-cap-view-stacked .elementor-drop-cap{background-color:#69727d;color:#fff}.elementor-widget-text-editor.elementor-drop-cap-view-framed .elementor-drop-cap{color:#69727d;border:3px solid;background-color:transparent}.elementor-widget-text-editor:not(.elementor-drop-cap-view-default) .elementor-drop-cap{margin-top:8px}.elementor-widget-text-editor:not(.elementor-drop-cap-view-default) .elementor-drop-cap-letter{width:1em;height:1em}.elementor-widget-text-editor .elementor-drop-cap{float:left;text-align:center;line-height:1;font-size:50px}.elementor-widget-text-editor .elementor-drop-cap-letter{display:inline-block}<\/style>\t\t\t\t<p>Een standaard behandeling bestaat uit knippen, plukken, scheren en ontwollen (dit is afhankelijk van het vachttype van uw hond). Tevens wordt de hond gewassen, gef\u00f6hnd, de nagels geknipt, de oren geplukt en gereinigd\u00a0en de voetjes leeggeknipt.<\/p><p>In de trimsalon worden verschillende technieken gebruikt. Afhankelijk van het soort ras van de hond, en conditie van de vacht wordt er dan een keuze gemaakt welke techniek er wordt toegepast.<\/p><p>Soms wijkt de vacht af van de typische ras eigenschappen. Een vacht kan o.a. veranderen door castratie\/sterilisatie verkeerd voer etc. Ik geef u een advies, hoe we het beste de vacht van de hond kunnen onderhouden.<\/p><p>Ook voor losse trimbehandelingen kunt u bij mij terecht. Zoals alleen de nagels knippen van uw hond\/konijn\/knaagdier. Ook het alleen laten wassen van uw hond kan, of bijv een hoofdje bijwerken tussen de trimbeurten etc.<\/p><p>Hieronder een overzicht met uitleg over de technieken die toegepast worden in de trimsalon.<\/p><p><strong>Plukken:<\/strong><\/p><ul><li>Het met de hand verwijderen van loszittend dood haar.<\/li><li>Als u een plukhond niet plukt is de kans op huidaandoeningen\/irritaties groter.<\/li><li>bijv. Jack Russel, Cairn Terri\u00ebr, Schnauzer, Fox Terri\u00ebr, West Highland White Terri\u00ebr enz.<\/li><\/ul><p><strong>Knippen, scheren en effileren:<\/strong><\/p><ul><li>Bij effileren wordt de vacht ingekort of uitgedund met een speciale schaar.<\/li><li>Bij knippen en scheren wordt de vacht ingekort.<\/li><li>Bijv. knipvachten: Poedels, Labradoodles, Boomers enz.<\/li><li>Bijv. Effileervachten: Maltezer, shi-tzu, boomer, Engelse cokerspani\u00ebls, golden retriever, Cavalier king Charles enz.<\/li><\/ul><p><strong>Uitkammen, borstelen en ontwollen:<\/strong><\/p><ul><li>Borstelen\/kammen: hierbij worden de haren ontwart en eventuele klitten verwijderd. (alleen als het bij de hond mogelijk is)<\/li><li>Ontwollen: Hiervoor zijn speciale borstels, en doormiddel van wassen en f\u00f6hnen met de waterblazer wordt de onderwol zoveel mogelijk verwijderd. (beste resultaat is als de hond in de rui periode zit)<\/li><li>Bijv. Berner sennen, Schotse Collie, Groenendaeler, Newfoundlander enz.<\/li><\/ul><p><strong>Wassen en f\u00f6hnen:<\/strong><\/p><ul><li>Elke hond kan komen voor een wasbeurt.<\/li><li>Kortharige honden hoeven alleen maar gewassen te worden, hierdoor worden loszittende haren met het f\u00f6hnen (waterblazer) verwijderd.<\/li><li>Honden die komen voor trimbeurt gaan sowieso in bad. (sommige plukhonden niet)<\/li><\/ul><p>Als er tijdens de behandeling parasieten of huidaandoeningen worden gevonden, melden wij dit uiteraard aan u.<br \/>Mocht u aan de hand hiervan nog vragen hebben, dan hoor ik dat graag!<\/p>\t\t\t\t\t\t<\/div>\n\t\t\t\t<\/div>\n\t\t\t\t\t<\/div>\n\t\t<\/div>\n\t\t\t\t<div class=\"elementor-column elementor-col-33 elementor-top-column elementor-element elementor-element-a4914f3\" data-id=\"a4914f3\" data-element_type=\"column\">\n\t\t\t<div class=\"elementor-widget-wrap elementor-element-populated\">\n\t\t\t\t\t\t\t\t<div class=\"elementor-element elementor-element-e2176f5 elementor-arrows-position-inside elementor-pagination-position-outside elementor-widget elementor-widget-image-carousel\" data-id=\"e2176f5\" data-element_type=\"widget\" data-settings=\"{&quot;slides_to_show&quot;:&quot;1&quot;,&quot;navigation&quot;:&quot;both&quot;,&quot;autoplay&quot;:&quot;yes&quot;,&quot;pause_on_hover&quot;:&quot;yes&quot;,&quot;pause_on_interaction&quot;:&quot;yes&quot;,&quot;autoplay_speed&quot;:5000,&quot;infinite&quot;:&quot;yes&quot;,&quot;effect&quot;:&quot;slide&quot;,&quot;speed&quot;:500}\" data-widget_type=\"image-carousel.default\">\n\t\t\t\t<div class=\"elementor-widget-container\">\n\t\t\t<style>\/*! elementor - v3.18.0 - 20-12-2023 *\/\n.elementor-widget-image-carousel .swiper,.elementor-widget-image-carousel .swiper-container{position:static}.elementor-widget-image-carousel .swiper-container .swiper-slide figure,.elementor-widget-image-carousel .swiper .swiper-slide figure{line-height:inherit}.elementor-widget-image-carousel .swiper-slide{text-align:center}.elementor-image-carousel-wrapper:not(.swiper-container-initialized):not(.swiper-initialized) .swiper-slide{max-width:calc(100% \/ var(--e-image-carousel-slides-to-show, 3))}<\/style>\t\t<div class=\"elementor-image-carousel-wrapper swiper-container\" dir=\"ltr\">\n\t\t\t<div class=\"elementor-image-carousel swiper-wrapper swiper-image-stretch\" aria-live=\"off\">\n\t\t\t\t\t\t\t\t<div class=\"swiper-slide\" role=\"group\" aria-roledescription=\"slide\" aria-label=\"1 of 3\"><figure class=\"swiper-slide-inner\"><img decoding=\"async\" class=\"swiper-slide-image\" src=\"https:\/\/www.trimsalonramona.nl\/wp-content\/uploads\/2022\/10\/311442156_522634686537125_3068120296182717475_n.jpeg\" alt=\"311442156_522634686537125_3068120296182717475_n\" \/><\/figure><\/div><div class=\"swiper-slide\" role=\"group\" aria-roledescription=\"slide\" aria-label=\"2 of 3\"><figure class=\"swiper-slide-inner\"><img decoding=\"async\" class=\"swiper-slide-image\" src=\"https:\/\/www.trimsalonramona.nl\/wp-content\/uploads\/2022\/10\/312301875_529099019224025_2227296621756786934_n.jpeg\" alt=\"312301875_529099019224025_2227296621756786934_n\" \/><\/figure><\/div><div class=\"swiper-slide\" role=\"group\" aria-roledescription=\"slide\" aria-label=\"3 of 3\"><figure class=\"swiper-slide-inner\"><img decoding=\"async\" class=\"swiper-slide-image\" src=\"https:\/\/www.trimsalonramona.nl\/wp-content\/uploads\/2022\/10\/312922522_533094022157858_8199395400180722546_n.jpeg\" alt=\"312922522_533094022157858_8199395400180722546_n\" \/><\/figure><\/div>\t\t\t<\/div>\n\t\t\t\t\t\t\t\t\t\t\t\t<div class=\"elementor-swiper-button elementor-swiper-button-prev\" role=\"button\" tabindex=\"0\">\n\t\t\t\t\t\t<i aria-hidden=\"true\" class=\"eicon-chevron-left\"><\/i>\t\t\t\t\t<\/div>\n\t\t\t\t\t<div class=\"elementor-swiper-button elementor-swiper-button-next\" role=\"button\" tabindex=\"0\">\n\t\t\t\t\t\t<i aria-hidden=\"true\" class=\"eicon-chevron-right\"><\/i>\t\t\t\t\t<\/div>\n\t\t\t\t\n\t\t\t\t\t\t\t\t\t<div class=\"swiper-pagination\"><\/div>\n\t\t\t\t\t\t\t\t\t<\/div>\n\t\t\t\t<\/div>\n\t\t\t\t<\/div>\n\t\t\t\t\t<\/div>\n\t\t<\/div>\n\t\t\t\t\t\t\t<\/div>\n\t\t<\/section>\n\t\t\t\t\t\t\t<\/div>\n\t\t","protected":false},"excerpt":{"rendered":"<p>Behandelingen Een standaard behandeling bestaat uit knippen, plukken, scheren en ontwollen (dit is afhankelijk van het vachttype van uw hond). Tevens wordt de hond gewassen, gef\u00f6hnd, de nagels geknipt, de oren geplukt en gereinigd\u00a0en de voetjes leeggeknipt. In de trimsalon worden verschillende technieken gebruikt. Afhankelijk van het soort ras van [&hellip;]<\/p>\n","protected":false},"author":1,"featured_media":0,"parent":0,"menu_order":0,"comment_status":"closed","ping_status":"closed","template":"page-templates\/template-pagebuilder-full-width.php","meta":{"footnotes":""},"class_list":["post-80","page","type-page","status-publish","hentry"],"_links":{"self":[{"href":"https:\/\/www.trimsalonramona.nl\/index.php?rest_route=\/wp\/v2\/pages\/80","targetHints":{"allow":["GET"]}}],"collection":[{"href":"https:\/\/www.trimsalonramona.nl\/index.php?rest_route=\/wp\/v2\/pages"}],"about":[{"href":"https:\/\/www.trimsalonramona.nl\/index.php?rest_route=\/wp\/v2\/types\/page"}],"author":[{"embeddable":true,"href":"https:\/\/www.trimsalonramona.nl\/index.php?rest_route=\/wp\/v2\/users\/1"}],"replies":[{"embeddable":true,"href":"https:\/\/www.trimsalonramona.nl\/index.php?rest_route=%2Fwp%2Fv2%2Fcomments&post=80"}],"version-history":[{"count":10,"href":"https:\/\/www.trimsalonramona.nl\/index.php?rest_route=\/wp\/v2\/pages\/80\/revisions"}],"predecessor-version":[{"id":276,"href":"https:\/\/www.trimsalonramona.nl\/index.php?rest_route=\/wp\/v2\/pages\/80\/revisions\/276"}],"wp:attachment":[{"href":"https:\/\/www.trimsalonramona.nl\/index.php?rest_route=%2Fwp%2Fv2%2Fmedia&parent=80"}],"curies":[{"name":"wp","href":"https:\/\/api.w.org\/{rel}","templated":true}]}}